{"id":284,"date":"2023-04-04T14:08:10","date_gmt":"2023-04-04T13:08:10","guid":{"rendered":"http:\/\/4x4event.se\/?page_id=284"},"modified":"2023-04-04T14:31:59","modified_gmt":"2023-04-04T13:31:59","slug":"om-4x4-event","status":"publish","type":"page","link":"https:\/\/4x4event.se\/sv\/om-oss\/om-4x4-event\/","title":{"rendered":"Om 4\u00d74 Event"},"content":{"rendered":"\n<p>4x4Event startade 2010 som ett f\u00f6retag som erbj\u00f6d k\u00f6rning med Jeep bilar \u00f6ver stockhinder p\u00e5 \u00d6sterlen i Sk\u00e5ne. Numera \u00e4r v\u00e5r huvudbas p\u00e5 motorbanan Ring Knutstorp i nordv\u00e4stra Sk\u00e5ne. \u00d6ver tiden har vi utvecklats. Vi har arrangerat evenemang med ett stort antal SUV:ar av ocks\u00e5 andra m\u00e4rken \u00e4n Jeep. Det har varit lanseringar, utbildningar av s\u00e4ljare, \u00e4ven fr\u00e5n andra l\u00e4nder, konferenser och s\u00e5 vidare. V\u00e5ra bilar har transporterats till olika platser i Skandinavien s\u00e5 att deltagare inte ska beh\u00f6va resa s\u00e5 l\u00e5ngt. Kort sagt vi \u00e4r flexibla.<br><br>Vi har stor erfarenhet, Dan, \u00e4gare, har varit bilbranschen trogen sedan 16-\u00e5rs\u00e5ldern. I b\u00f6rjan av 90-talet flyttade Dan utomlands och arbetade globalt med Chrysler, Jeep och Dodge. D\u00e5 b\u00f6rjade intresset f\u00f6r Jeep och \u201doffroading\u201d. I Sverige innan 4x4Event handlade mycket om Jeep Academy och Jeeps engagemang p\u00e5 Kolm\u00e5rdens Djurpark.<br> <br>Jerk har \u201doffroadat\u201d i mer \u00e4n 40 \u00e5r. Under de senaste 20 \u00e5ren har det varit bland annat Land Rover, Volvo och VW, speciellt Touareg. Jerk \u00e4r n\u00e4stan \u201dnorrman\u201d efter oerh\u00f6rt m\u00e5nga aktiviteter i landet under ett antal \u00e5r. Han \u00e4r ocks\u00e5 utbildad och licensierad av Land Rover i England. Han \u00e4r certifierad som en \u201d4-Wheel Drive Trainer\u201d av International 4-Wheel Drive Trainers Association i USA. Det \u00e4r inte m\u00e5nga son sl\u00e5r honom i ekonomik\u00f6rning och han \u00e4r en hejare med en winsch.<\/p>\n","protected":false},"excerpt":{"rendered":"<p>4x4Event startade 2010 som ett f\u00f6retag som erbj\u00f6d k\u00f6rning med Jeep bilar \u00f6ver stockhinder p\u00e5 \u00d6sterlen i Sk\u00e5ne. Numera \u00e4r v\u00e5r huvudbas p\u00e5 motorbanan Ring Knutstorp i nordv\u00e4stra Sk\u00e5ne. \u00d6ver tiden har vi utvecklats. Vi har arrangerat evenemang med ett stort antal SUV:ar av ocks\u00e5 andra m\u00e4rken \u00e4n Jeep. Det har varit lanseringar, utbildningar av [&hellip;]<\/p>\n","protected":false},"author":2,"featured_media":0,"parent":29,"menu_order":0,"comment_status":"closed","ping_status":"closed","template":"","meta":{"pgc_sgb_lightbox_settings":"","footnotes":""},"class_list":["post-284","page","type-page","status-publish","hentry"],"_links":{"self":[{"href":"https:\/\/4x4event.se\/sv\/wp-json\/wp\/v2\/pages\/284","targetHints":{"allow":["GET"]}}],"collection":[{"href":"https:\/\/4x4event.se\/sv\/wp-json\/wp\/v2\/pages"}],"about":[{"href":"https:\/\/4x4event.se\/sv\/wp-json\/wp\/v2\/types\/page"}],"author":[{"embeddable":true,"href":"https:\/\/4x4event.se\/sv\/wp-json\/wp\/v2\/users\/2"}],"replies":[{"embeddable":true,"href":"https:\/\/4x4event.se\/sv\/wp-json\/wp\/v2\/comments?post=284"}],"version-history":[{"count":1,"href":"https:\/\/4x4event.se\/sv\/wp-json\/wp\/v2\/pages\/284\/revisions"}],"predecessor-version":[{"id":285,"href":"https:\/\/4x4event.se\/sv\/wp-json\/wp\/v2\/pages\/284\/revisions\/285"}],"up":[{"embeddable":true,"href":"https:\/\/4x4event.se\/sv\/wp-json\/wp\/v2\/pages\/29"}],"wp:attachment":[{"href":"https:\/\/4x4event.se\/sv\/wp-json\/wp\/v2\/media?parent=284"}],"curies":[{"name":"wp","href":"https:\/\/api.w.org\/{rel}","templated":true}]}}