{"id":278,"date":"2023-04-04T14:03:41","date_gmt":"2023-04-04T13:03:41","guid":{"rendered":"http:\/\/4x4event.se\/?page_id=278"},"modified":"2023-04-11T14:53:06","modified_gmt":"2023-04-11T13:53:06","slug":"prova-pa-a","status":"publish","type":"page","link":"http:\/\/4x4event.se\/sv\/aktiviteter\/prova-pa-a\/","title":{"rendered":"Prova p\u00e5, Ring Knutstorp"},"content":{"rendered":"\n<p class=\"has-medium-font-size\">V\u00e5r hemmabas. Vi ser helst att du deltar med egen bil, original men med h\u00f6gre markfrig\u00e5ng till exempel Volvo Cross Country och XC, VW Alltrack\/ Tiguan etcetera men har du ingen l\u00e4mplig bil och vill f\u00e5 en k\u00e4nsla f\u00f6r vad Overlanding \u00e4r har vi tv\u00e5 Jeep bilar.<\/p>\n\n\n\n<p class=\"has-large-font-size\"><strong>Prova p\u00e5, Steg 1<\/strong><\/p>\n\n\n\n<p>Vi b\u00f6rjar med en l\u00e4tt genomg\u00e5ng av 4&#215;4 drivsystem och de tecken som anv\u00e4nds d\u00e5 du f\u00e5r guidning att ta dig fram \u00f6ver fem stockhinder. Du l\u00e4r dig, och kommer att f\u00f6rst\u00e5 hur l\u00e5ngsamt, och kontrollerat, du m\u00e5ste k\u00f6ra f\u00f6r att det ska vara s\u00e4kert. D\u00e4refter en summering. Beroende lite p\u00e5 v\u00e4derlek och de andra deltagarna \u00e4r vi med genomg\u00e5ng, k\u00f6rning och summering ig\u00e5ng upp\u00e5t tv\u00e5 timmar. <br>F\u00f6r tidsbokning g\u00e4llande privatpersoner maila eller ring. Om du mailar, gl\u00f6m inte att skriva ditt telefonnummer.<\/p>\n\n\n\n<p class=\"has-text-align-right\">Priset 995:-<br>dan@baldur.nu \/ +46 708 11 66 88<\/p>\n\n\n\n<p class=\"has-large-font-size\"><strong>Prova p\u00e5, Steg 2<\/strong> <\/p>\n\n\n\n<p>Kanske omedelbart efter \u201cSteg 1\u201d eller vid ett senare tillf\u00e4lle kan du f\u00e5 ytterligare erfarenhet p\u00e5 v\u00e5ra sp\u00e5r runt motorbanan. H\u00e4r kommer du att f\u00e5 k\u00e4nna p\u00e5 branta backar, en vattengrav och \u00f6vrig offroad k\u00f6rning i terr\u00e4ng. Allt med guidning. Vi vill g\u00e4rna att du k\u00f6rt \u201dsteg 1\u201d innan du g\u00f6r \u201dsteg 2\u201d. Du har d\u00e5 f\u00e5tt lite av k\u00e4nslan hur bilen beter sig och hur den \u201dpratar\u201d med dig. Tids\u00e5tg\u00e5ngen \u00e4r mellan tv\u00e5 och tre timmar. Maila Dan eller ring. <\/p>\n\n\n\n<p class=\"has-text-align-right\">Priset 1.195:-<br>dan@baldur.nu \/ +46 708 11 66 88<\/p>\n\n\n<div class=\"pgc-sgb-cb wp-block-pgcsimplygalleryblock-justified \" data-gallery-id=\"29433939\"><div class=\"sgb-preloader\" id=\"pr_29433939\">\n\t<div class=\"sgb-square\" style=\"background:#d4d4d4\"><\/div>\n\t<div class=\"sgb-square\" style=\"background:#d4d4d4\"><\/div>\n\t<div class=\"sgb-square\" style=\"background:#d4d4d4\"><\/div>\n\t<div class=\"sgb-square\" style=\"background:#d4d4d4\"><\/div><\/div><div class=\"simply-gallery-amp pgc_sgb_slider \"><noscript><div class=\"sgb-gallery\"><div class=\"sgb-item\"><a href=\"http:\/\/4x4event.se\/utbildning\/prova-pa-u\/jeep-4\/\" target=\"_blank\"><img decoding=\"async\" alt=\"\" width=\"300\" height=\"225\" loading=\"lazy\" src=\"http:\/\/4x4event.se\/wp-content\/uploads\/2023\/04\/Jeep-4-300x225.jpg\" srcset=\"http:\/\/4x4event.se\/wp-content\/uploads\/2023\/04\/Jeep-4-300x225.jpg 300w,http:\/\/4x4event.se\/wp-content\/uploads\/2023\/04\/Jeep-4.jpg 960w\" sizes=\"auto, 250px\"\/><\/a><\/div><div class=\"sgb-item\"><a href=\"http:\/\/4x4event.se\/utbildning\/prova-pa-u\/img_6171-1024x682\/\" target=\"_blank\"><img decoding=\"async\" alt=\"\" width=\"300\" height=\"200\" loading=\"lazy\" src=\"http:\/\/4x4event.se\/wp-content\/uploads\/2023\/04\/IMG_6171-1024x682-1-300x200.jpg\" srcset=\"http:\/\/4x4event.se\/wp-content\/uploads\/2023\/04\/IMG_6171-1024x682-1-300x200.jpg 300w,http:\/\/4x4event.se\/wp-content\/uploads\/2023\/04\/IMG_6171-1024x682-1.jpg 1024w\" sizes=\"auto, 250px\"\/><\/a><\/div><div class=\"sgb-item\"><a href=\"http:\/\/4x4event.se\/utbildning\/prova-pa-u\/img_6049\/\" target=\"_blank\"><img decoding=\"async\" alt=\"\" width=\"300\" height=\"200\" loading=\"lazy\" src=\"http:\/\/4x4event.se\/wp-content\/uploads\/2023\/04\/IMG_6049-300x200.jpg\" srcset=\"http:\/\/4x4event.se\/wp-content\/uploads\/2023\/04\/IMG_6049-300x200.jpg 300w,http:\/\/4x4event.se\/wp-content\/uploads\/2023\/04\/IMG_6049-1024x682.jpg 1024w,http:\/\/4x4event.se\/wp-content\/uploads\/2023\/04\/IMG_6049.jpg 1280w\" sizes=\"auto, 250px\"\/><\/a><\/div><div class=\"sgb-item\"><a href=\"http:\/\/4x4event.se\/utbildning\/prova-pa-u\/bil-600x4021\/\" target=\"_blank\"><img decoding=\"async\" alt=\"\" width=\"300\" height=\"201\" loading=\"lazy\" src=\"http:\/\/4x4event.se\/wp-content\/uploads\/2023\/04\/bil-600x4021-1-300x201.jpg\" srcset=\"http:\/\/4x4event.se\/wp-content\/uploads\/2023\/04\/bil-600x4021-1-300x201.jpg 300w,http:\/\/4x4event.se\/wp-content\/uploads\/2023\/04\/bil-600x4021-1.jpg 960w\" sizes=\"auto, 250px\"\/><\/a><\/div><div class=\"sgb-item\"><a href=\"http:\/\/4x4event.se\/utbildning\/prova-pa-u\/10655384_853658394669171_6870315811461753042_o\/\" target=\"_blank\"><img decoding=\"async\" alt=\"\" width=\"300\" height=\"225\" loading=\"lazy\" src=\"http:\/\/4x4event.se\/wp-content\/uploads\/2023\/04\/10655384_853658394669171_6870315811461753042_o-300x225.jpg\" srcset=\"http:\/\/4x4event.se\/wp-content\/uploads\/2023\/04\/10655384_853658394669171_6870315811461753042_o-300x225.jpg 300w,http:\/\/4x4event.se\/wp-content\/uploads\/2023\/04\/10655384_853658394669171_6870315811461753042_o.jpg 940w\" sizes=\"auto, 250px\"\/><\/a><\/div><div class=\"sgb-item\"><a href=\"http:\/\/4x4event.se\/utbildning\/prova-pa-u\/10649730_860725300629147_419372293674300875_n\/\" target=\"_blank\"><img decoding=\"async\" alt=\"\" width=\"300\" height=\"225\" loading=\"lazy\" src=\"http:\/\/4x4event.se\/wp-content\/uploads\/2023\/04\/10649730_860725300629147_419372293674300875_n-300x225.jpg\" srcset=\"http:\/\/4x4event.se\/wp-content\/uploads\/2023\/04\/10649730_860725300629147_419372293674300875_n-300x225.jpg 300w,http:\/\/4x4event.se\/wp-content\/uploads\/2023\/04\/10649730_860725300629147_419372293674300875_n.jpg 900w\" sizes=\"auto, 250px\"\/><\/a><\/div><\/div><\/noscript><\/div><script type=\"application\/json\" class=\"sgb-data\">{\"collectionThumbRecomendedHeight\":100,\"galleryType\":\"pgc_sgb_justified\",\"galleryId\":\"29433939\",\"images\":[{\"id\":349,\"title\":\"Jeep-4\",\"url\":\"http:\/\/4x4event.se\/wp-content\/uploads\/2023\/04\/Jeep-4.jpg\",\"link\":\"http:\/\/4x4event.se\/utbildning\/prova-pa-u\/jeep-4\/\",\"alt\":\"\",\"description\":\"\",\"caption\":\"\",\"mime\":\"image\/jpeg\",\"type\":\"image\",\"width\":960,\"height\":720,\"sizes\":{\"thumbnail\":{\"height\":150,\"width\":150,\"url\":\"http:\/\/4x4event.se\/wp-content\/uploads\/2023\/04\/Jeep-4-150x150.jpg\",\"orientation\":\"landscape\"},\"medium\":{\"height\":225,\"width\":300,\"url\":\"http:\/\/4x4event.se\/wp-content\/uploads\/2023\/04\/Jeep-4-300x225.jpg\",\"orientation\":\"landscape\"},\"full\":{\"url\":\"http:\/\/4x4event.se\/wp-content\/uploads\/2023\/04\/Jeep-4.jpg\",\"height\":720,\"width\":960,\"orientation\":\"landscape\"}},\"meta\":false,\"postlink\":\"http:\/\/4x4event.se\/utbildning\/prova-pa-u\/jeep-4\/\"},{\"id\":347,\"title\":\"IMG_6171-1024x682\",\"url\":\"http:\/\/4x4event.se\/wp-content\/uploads\/2023\/04\/IMG_6171-1024x682-1.jpg\",\"link\":\"http:\/\/4x4event.se\/utbildning\/prova-pa-u\/img_6171-1024x682\/\",\"alt\":\"\",\"description\":\"\",\"caption\":\"\",\"mime\":\"image\/jpeg\",\"type\":\"image\",\"width\":1024,\"height\":682,\"sizes\":{\"thumbnail\":{\"height\":150,\"width\":150,\"url\":\"http:\/\/4x4event.se\/wp-content\/uploads\/2023\/04\/IMG_6171-1024x682-1-150x150.jpg\",\"orientation\":\"landscape\"},\"medium\":{\"height\":200,\"width\":300,\"url\":\"http:\/\/4x4event.se\/wp-content\/uploads\/2023\/04\/IMG_6171-1024x682-1-300x200.jpg\",\"orientation\":\"landscape\"},\"full\":{\"url\":\"http:\/\/4x4event.se\/wp-content\/uploads\/2023\/04\/IMG_6171-1024x682-1.jpg\",\"height\":682,\"width\":1024,\"orientation\":\"landscape\"}},\"meta\":false,\"postlink\":\"http:\/\/4x4event.se\/utbildning\/prova-pa-u\/img_6171-1024x682\/\"},{\"id\":346,\"title\":\"IMG_6049\",\"url\":\"http:\/\/4x4event.se\/wp-content\/uploads\/2023\/04\/IMG_6049.jpg\",\"link\":\"http:\/\/4x4event.se\/utbildning\/prova-pa-u\/img_6049\/\",\"alt\":\"\",\"description\":\"\",\"caption\":\"\",\"mime\":\"image\/jpeg\",\"type\":\"image\",\"width\":1280,\"height\":853,\"sizes\":{\"thumbnail\":{\"height\":150,\"width\":150,\"url\":\"http:\/\/4x4event.se\/wp-content\/uploads\/2023\/04\/IMG_6049-150x150.jpg\",\"orientation\":\"landscape\"},\"medium\":{\"height\":200,\"width\":300,\"url\":\"http:\/\/4x4event.se\/wp-content\/uploads\/2023\/04\/IMG_6049-300x200.jpg\",\"orientation\":\"landscape\"},\"large\":{\"height\":682,\"width\":1024,\"url\":\"http:\/\/4x4event.se\/wp-content\/uploads\/2023\/04\/IMG_6049-1024x682.jpg\",\"orientation\":\"landscape\"},\"full\":{\"url\":\"http:\/\/4x4event.se\/wp-content\/uploads\/2023\/04\/IMG_6049.jpg\",\"height\":853,\"width\":1280,\"orientation\":\"landscape\"}},\"meta\":false,\"postlink\":\"http:\/\/4x4event.se\/utbildning\/prova-pa-u\/img_6049\/\"},{\"id\":345,\"title\":\"bil-600x4021\",\"url\":\"http:\/\/4x4event.se\/wp-content\/uploads\/2023\/04\/bil-600x4021-1.jpg\",\"link\":\"http:\/\/4x4event.se\/utbildning\/prova-pa-u\/bil-600x4021\/\",\"alt\":\"\",\"description\":\"\",\"caption\":\"\",\"mime\":\"image\/jpeg\",\"type\":\"image\",\"width\":960,\"height\":643,\"sizes\":{\"thumbnail\":{\"height\":150,\"width\":150,\"url\":\"http:\/\/4x4event.se\/wp-content\/uploads\/2023\/04\/bil-600x4021-1-150x150.jpg\",\"orientation\":\"landscape\"},\"medium\":{\"height\":201,\"width\":300,\"url\":\"http:\/\/4x4event.se\/wp-content\/uploads\/2023\/04\/bil-600x4021-1-300x201.jpg\",\"orientation\":\"landscape\"},\"full\":{\"url\":\"http:\/\/4x4event.se\/wp-content\/uploads\/2023\/04\/bil-600x4021-1.jpg\",\"height\":643,\"width\":960,\"orientation\":\"landscape\"}},\"meta\":false,\"postlink\":\"http:\/\/4x4event.se\/utbildning\/prova-pa-u\/bil-600x4021\/\"},{\"id\":344,\"title\":\"10655384_853658394669171_6870315811461753042_o\",\"url\":\"http:\/\/4x4event.se\/wp-content\/uploads\/2023\/04\/10655384_853658394669171_6870315811461753042_o.jpg\",\"link\":\"http:\/\/4x4event.se\/utbildning\/prova-pa-u\/10655384_853658394669171_6870315811461753042_o\/\",\"alt\":\"\",\"description\":\"\",\"caption\":\"\",\"mime\":\"image\/jpeg\",\"type\":\"image\",\"width\":940,\"height\":705,\"sizes\":{\"thumbnail\":{\"height\":150,\"width\":150,\"url\":\"http:\/\/4x4event.se\/wp-content\/uploads\/2023\/04\/10655384_853658394669171_6870315811461753042_o-150x150.jpg\",\"orientation\":\"landscape\"},\"medium\":{\"height\":225,\"width\":300,\"url\":\"http:\/\/4x4event.se\/wp-content\/uploads\/2023\/04\/10655384_853658394669171_6870315811461753042_o-300x225.jpg\",\"orientation\":\"landscape\"},\"full\":{\"url\":\"http:\/\/4x4event.se\/wp-content\/uploads\/2023\/04\/10655384_853658394669171_6870315811461753042_o.jpg\",\"height\":705,\"width\":940,\"orientation\":\"landscape\"}},\"meta\":false,\"postlink\":\"http:\/\/4x4event.se\/utbildning\/prova-pa-u\/10655384_853658394669171_6870315811461753042_o\/\"},{\"id\":343,\"title\":\"10649730_860725300629147_419372293674300875_n\",\"url\":\"http:\/\/4x4event.se\/wp-content\/uploads\/2023\/04\/10649730_860725300629147_419372293674300875_n.jpg\",\"link\":\"http:\/\/4x4event.se\/utbildning\/prova-pa-u\/10649730_860725300629147_419372293674300875_n\/\",\"alt\":\"\",\"description\":\"\",\"caption\":\"\",\"mime\":\"image\/jpeg\",\"type\":\"image\",\"width\":900,\"height\":675,\"sizes\":{\"thumbnail\":{\"height\":150,\"width\":150,\"url\":\"http:\/\/4x4event.se\/wp-content\/uploads\/2023\/04\/10649730_860725300629147_419372293674300875_n-150x150.jpg\",\"orientation\":\"landscape\"},\"medium\":{\"height\":225,\"width\":300,\"url\":\"http:\/\/4x4event.se\/wp-content\/uploads\/2023\/04\/10649730_860725300629147_419372293674300875_n-300x225.jpg\",\"orientation\":\"landscape\"},\"full\":{\"url\":\"http:\/\/4x4event.se\/wp-content\/uploads\/2023\/04\/10649730_860725300629147_419372293674300875_n.jpg\",\"height\":675,\"width\":900,\"orientation\":\"landscape\"}},\"meta\":false,\"postlink\":\"http:\/\/4x4event.se\/utbildning\/prova-pa-u\/10649730_860725300629147_419372293674300875_n\/\"}],\"itemsMetaDataCollection\":[],\"TrpContentRestriction\":{\"restriction_type\":\"exclude\",\"selected_languages\":[],\"panel_open\":true}}<\/script><script>(function(){if(window.PGC_SGB && window.PGC_SGB.searcher){window.PGC_SGB.searcher.initBlocks()}})()<\/script><\/div>","protected":false},"excerpt":{"rendered":"<p>V\u00e5r hemmabas. Vi ser helst att du deltar med egen bil, original men med h\u00f6gre markfrig\u00e5ng till exempel Volvo Cross Country och XC, VW Alltrack\/ Tiguan etcetera men har du ingen l\u00e4mplig bil och vill f\u00e5 en k\u00e4nsla f\u00f6r vad Overlanding \u00e4r har vi tv\u00e5 Jeep bilar. Prova p\u00e5, Steg 1 Vi b\u00f6rjar med en [&hellip;]<\/p>\n","protected":false},"author":2,"featured_media":0,"parent":2,"menu_order":0,"comment_status":"closed","ping_status":"closed","template":"","meta":{"pgc_sgb_lightbox_settings":"","footnotes":""},"class_list":["post-278","page","type-page","status-publish","hentry"],"_links":{"self":[{"href":"http:\/\/4x4event.se\/sv\/wp-json\/wp\/v2\/pages\/278","targetHints":{"allow":["GET"]}}],"collection":[{"href":"http:\/\/4x4event.se\/sv\/wp-json\/wp\/v2\/pages"}],"about":[{"href":"http:\/\/4x4event.se\/sv\/wp-json\/wp\/v2\/types\/page"}],"author":[{"embeddable":true,"href":"http:\/\/4x4event.se\/sv\/wp-json\/wp\/v2\/users\/2"}],"replies":[{"embeddable":true,"href":"http:\/\/4x4event.se\/sv\/wp-json\/wp\/v2\/comments?post=278"}],"version-history":[{"count":11,"href":"http:\/\/4x4event.se\/sv\/wp-json\/wp\/v2\/pages\/278\/revisions"}],"predecessor-version":[{"id":436,"href":"http:\/\/4x4event.se\/sv\/wp-json\/wp\/v2\/pages\/278\/revisions\/436"}],"up":[{"embeddable":true,"href":"http:\/\/4x4event.se\/sv\/wp-json\/wp\/v2\/pages\/2"}],"wp:attachment":[{"href":"http:\/\/4x4event.se\/sv\/wp-json\/wp\/v2\/media?parent=278"}],"curies":[{"name":"wp","href":"https:\/\/api.w.org\/{rel}","templated":true}]}}