{"id":48,"date":"2023-03-04T08:28:28","date_gmt":"2023-03-04T08:28:28","guid":{"rendered":"http:\/\/4x4event.se\/?page_id=48"},"modified":"2023-04-05T12:16:39","modified_gmt":"2023-04-05T11:16:39","slug":"gift-adventure-presentkort","status":"publish","type":"page","link":"http:\/\/4x4event.se\/en\/aktiviteter\/gift-adventure-presentkort\/","title":{"rendered":"Presentkort \u2013 Gift Adventure"},"content":{"rendered":"\n<p>Ge bort n\u00e5gon av v\u00e5ra popul\u00e4ra k\u00f6rningar till f\u00f6delsedagsbarnet, studenten, till personalen eller som br\u00f6llopsg\u00e5va.&nbsp; En upplevelse present som skapar minnen!&nbsp; Boka ditt presentkort idag och vi levererar per post! Eller varf\u00f6r inte ge bort en offroadk\u00f6rning som julklapp till personalen?<\/p>\n\n\n\n<p class=\"has-large-font-size\"><strong>Present, Prova p\u00e5, steg 1:<\/strong><\/p>\n\n\n\n<p>995 kronor, maila eller ring.<\/p>\n\n\n\n<p class=\"has-large-font-size\"><strong>Present, Prova p\u00e5, steg 2:<\/strong><\/p>\n\n\n\n<p>1.195 kronor, maila eller ring.<\/p>\n\n\n\n<p class=\"has-text-align-right\">dan@baldur.nu \/ +46 708 11 66 88<\/p>\n\n\n<div class=\"pgc-sgb-cb wp-block-pgcsimplygalleryblock-justified \" data-gallery-id=\"7eb77161\"><div class=\"sgb-preloader\" id=\"pr_7eb77161\">\n\t<div class=\"sgb-square\" style=\"background:#d4d4d4\"><\/div>\n\t<div class=\"sgb-square\" style=\"background:#d4d4d4\"><\/div>\n\t<div class=\"sgb-square\" style=\"background:#d4d4d4\"><\/div>\n\t<div class=\"sgb-square\" style=\"background:#d4d4d4\"><\/div><\/div><div class=\"simply-gallery-amp pgc_sgb_slider \"><noscript><div class=\"sgb-gallery\"><div class=\"sgb-item\"><a href=\"http:\/\/4x4event.se\/aktiviteter\/gift-adventure-presentkort\/1658598_905166249518385_7812988643684576630_o\/\" target=\"_blank\"><img decoding=\"async\" alt=\"\" width=\"300\" height=\"225\" loading=\"lazy\" src=\"http:\/\/4x4event.se\/wp-content\/uploads\/2023\/04\/1658598_905166249518385_7812988643684576630_o-300x225.jpg\" srcset=\"http:\/\/4x4event.se\/wp-content\/uploads\/2023\/04\/1658598_905166249518385_7812988643684576630_o-300x225.jpg 300w,http:\/\/4x4event.se\/wp-content\/uploads\/2023\/04\/1658598_905166249518385_7812988643684576630_o-1024x768.jpg 1024w,http:\/\/4x4event.se\/wp-content\/uploads\/2023\/04\/1658598_905166249518385_7812988643684576630_o.jpg 2048w\" sizes=\"auto, 250px\"\/><\/a><\/div><div class=\"sgb-item\"><a href=\"http:\/\/4x4event.se\/aktiviteter\/gift-adventure-presentkort\/1403723_699897470045265_1736090596_o\/\" target=\"_blank\"><img decoding=\"async\" alt=\"\" width=\"300\" height=\"225\" loading=\"lazy\" src=\"http:\/\/4x4event.se\/wp-content\/uploads\/2023\/03\/1403723_699897470045265_1736090596_o-300x225.jpg\" srcset=\"http:\/\/4x4event.se\/wp-content\/uploads\/2023\/03\/1403723_699897470045265_1736090596_o-300x225.jpg 300w,http:\/\/4x4event.se\/wp-content\/uploads\/2023\/03\/1403723_699897470045265_1736090596_o-1024x768.jpg 1024w,http:\/\/4x4event.se\/wp-content\/uploads\/2023\/03\/1403723_699897470045265_1736090596_o.jpg 2048w\" sizes=\"auto, 250px\"\/><\/a><\/div><div class=\"sgb-item\"><a href=\"http:\/\/4x4event.se\/aktiviteter\/gift-adventure-presentkort\/pris\/\" target=\"_blank\"><img decoding=\"async\" alt=\"\" width=\"300\" height=\"225\" loading=\"lazy\" src=\"http:\/\/4x4event.se\/wp-content\/uploads\/2023\/03\/pris-300x225.jpg\" srcset=\"http:\/\/4x4event.se\/wp-content\/uploads\/2023\/03\/pris-300x225.jpg 300w,http:\/\/4x4event.se\/wp-content\/uploads\/2023\/03\/pris.jpg 940w\" sizes=\"auto, 250px\"\/><\/a><\/div><\/div><\/noscript><\/div><script type=\"application\/json\" class=\"sgb-data\">{\"collectionThumbRecomendedHeight\":100,\"galleryType\":\"pgc_sgb_justified\",\"galleryId\":\"7eb77161\",\"images\":[{\"id\":385,\"title\":\"1658598_905166249518385_7812988643684576630_o\",\"url\":\"http:\/\/4x4event.se\/wp-content\/uploads\/2023\/04\/1658598_905166249518385_7812988643684576630_o.jpg\",\"link\":\"http:\/\/4x4event.se\/aktiviteter\/gift-adventure-presentkort\/1658598_905166249518385_7812988643684576630_o\/\",\"alt\":\"\",\"description\":\"\",\"caption\":\"\",\"mime\":\"image\/jpeg\",\"type\":\"image\",\"width\":2048,\"height\":1536,\"sizes\":{\"thumbnail\":{\"height\":150,\"width\":150,\"url\":\"http:\/\/4x4event.se\/wp-content\/uploads\/2023\/04\/1658598_905166249518385_7812988643684576630_o-150x150.jpg\",\"orientation\":\"landscape\"},\"medium\":{\"height\":225,\"width\":300,\"url\":\"http:\/\/4x4event.se\/wp-content\/uploads\/2023\/04\/1658598_905166249518385_7812988643684576630_o-300x225.jpg\",\"orientation\":\"landscape\"},\"large\":{\"height\":768,\"width\":1024,\"url\":\"http:\/\/4x4event.se\/wp-content\/uploads\/2023\/04\/1658598_905166249518385_7812988643684576630_o-1024x768.jpg\",\"orientation\":\"landscape\"},\"full\":{\"url\":\"http:\/\/4x4event.se\/wp-content\/uploads\/2023\/04\/1658598_905166249518385_7812988643684576630_o.jpg\",\"height\":1536,\"width\":2048,\"orientation\":\"landscape\"}},\"meta\":false,\"postlink\":\"http:\/\/4x4event.se\/aktiviteter\/gift-adventure-presentkort\/1658598_905166249518385_7812988643684576630_o\/\"},{\"id\":194,\"title\":\"1403723_699897470045265_1736090596_o\",\"url\":\"http:\/\/4x4event.se\/wp-content\/uploads\/2023\/03\/1403723_699897470045265_1736090596_o.jpg\",\"link\":\"http:\/\/4x4event.se\/aktiviteter\/gift-adventure-presentkort\/1403723_699897470045265_1736090596_o\/\",\"alt\":\"\",\"description\":\"\",\"caption\":\"\",\"mime\":\"image\/jpeg\",\"type\":\"image\",\"width\":2048,\"height\":1536,\"sizes\":{\"thumbnail\":{\"height\":150,\"width\":150,\"url\":\"http:\/\/4x4event.se\/wp-content\/uploads\/2023\/03\/1403723_699897470045265_1736090596_o-150x150.jpg\",\"orientation\":\"landscape\"},\"medium\":{\"height\":225,\"width\":300,\"url\":\"http:\/\/4x4event.se\/wp-content\/uploads\/2023\/03\/1403723_699897470045265_1736090596_o-300x225.jpg\",\"orientation\":\"landscape\"},\"large\":{\"height\":768,\"width\":1024,\"url\":\"http:\/\/4x4event.se\/wp-content\/uploads\/2023\/03\/1403723_699897470045265_1736090596_o-1024x768.jpg\",\"orientation\":\"landscape\"},\"full\":{\"url\":\"http:\/\/4x4event.se\/wp-content\/uploads\/2023\/03\/1403723_699897470045265_1736090596_o.jpg\",\"height\":1536,\"width\":2048,\"orientation\":\"landscape\"}},\"meta\":false,\"postlink\":\"http:\/\/4x4event.se\/aktiviteter\/gift-adventure-presentkort\/1403723_699897470045265_1736090596_o\/\"},{\"id\":195,\"title\":\"pris\",\"url\":\"http:\/\/4x4event.se\/wp-content\/uploads\/2023\/03\/pris.jpg\",\"link\":\"http:\/\/4x4event.se\/aktiviteter\/gift-adventure-presentkort\/pris\/\",\"alt\":\"\",\"description\":\"\",\"caption\":\"\",\"mime\":\"image\/jpeg\",\"type\":\"image\",\"width\":940,\"height\":705,\"sizes\":{\"thumbnail\":{\"height\":150,\"width\":150,\"url\":\"http:\/\/4x4event.se\/wp-content\/uploads\/2023\/03\/pris-150x150.jpg\",\"orientation\":\"landscape\"},\"medium\":{\"height\":225,\"width\":300,\"url\":\"http:\/\/4x4event.se\/wp-content\/uploads\/2023\/03\/pris-300x225.jpg\",\"orientation\":\"landscape\"},\"full\":{\"url\":\"http:\/\/4x4event.se\/wp-content\/uploads\/2023\/03\/pris.jpg\",\"height\":705,\"width\":940,\"orientation\":\"landscape\"}},\"meta\":false,\"postlink\":\"http:\/\/4x4event.se\/aktiviteter\/gift-adventure-presentkort\/pris\/\"}],\"itemsMetaDataCollection\":[],\"TrpContentRestriction\":{\"restriction_type\":\"exclude\",\"selected_languages\":[],\"panel_open\":true}}<\/script><script>(function(){if(window.PGC_SGB && window.PGC_SGB.searcher){window.PGC_SGB.searcher.initBlocks()}})()<\/script><\/div>","protected":false},"excerpt":{"rendered":"<p>Ge bort n\u00e5gon av v\u00e5ra popul\u00e4ra k\u00f6rningar till f\u00f6delsedagsbarnet, studenten, till personalen eller som br\u00f6llopsg\u00e5va.&nbsp; En upplevelse present som skapar minnen!&nbsp; Boka ditt presentkort idag och vi levererar per post! Eller varf\u00f6r inte ge bort en offroadk\u00f6rning som julklapp till personalen? Present, Prova p\u00e5, steg 1: 995 kronor, maila eller ring. Present, Prova p\u00e5, steg [&hellip;]<\/p>\n","protected":false},"author":1,"featured_media":0,"parent":2,"menu_order":0,"comment_status":"closed","ping_status":"closed","template":"","meta":{"pgc_sgb_lightbox_settings":"","footnotes":""},"class_list":["post-48","page","type-page","status-publish","hentry"],"_links":{"self":[{"href":"http:\/\/4x4event.se\/en\/wp-json\/wp\/v2\/pages\/48","targetHints":{"allow":["GET"]}}],"collection":[{"href":"http:\/\/4x4event.se\/en\/wp-json\/wp\/v2\/pages"}],"about":[{"href":"http:\/\/4x4event.se\/en\/wp-json\/wp\/v2\/types\/page"}],"author":[{"embeddable":true,"href":"http:\/\/4x4event.se\/en\/wp-json\/wp\/v2\/users\/1"}],"replies":[{"embeddable":true,"href":"http:\/\/4x4event.se\/en\/wp-json\/wp\/v2\/comments?post=48"}],"version-history":[{"count":8,"href":"http:\/\/4x4event.se\/en\/wp-json\/wp\/v2\/pages\/48\/revisions"}],"predecessor-version":[{"id":402,"href":"http:\/\/4x4event.se\/en\/wp-json\/wp\/v2\/pages\/48\/revisions\/402"}],"up":[{"embeddable":true,"href":"http:\/\/4x4event.se\/en\/wp-json\/wp\/v2\/pages\/2"}],"wp:attachment":[{"href":"http:\/\/4x4event.se\/en\/wp-json\/wp\/v2\/media?parent=48"}],"curies":[{"name":"wp","href":"https:\/\/api.w.org\/{rel}","templated":true}]}}