{"id":44,"date":"2023-03-04T08:27:33","date_gmt":"2023-03-04T08:27:33","guid":{"rendered":"http:\/\/4x4event.se\/?page_id=44"},"modified":"2023-04-05T12:00:48","modified_gmt":"2023-04-05T11:00:48","slug":"bargning-recovery-winch","status":"publish","type":"page","link":"http:\/\/4x4event.se\/en\/aktiviteter\/bargning-recovery-winch\/","title":{"rendered":"B\u00e4rgning\/Recovery"},"content":{"rendered":"\n<p class=\"has-large-font-size\"><strong>Steg 1, \u00bd dag<\/strong><\/p>\n\n\n\n<p class=\"has-medium-font-size\">B\u00e4rgning utan winch Grunder, risker\/s\u00e4kerhet, teori\/praktik<br><br><strong>Teori: <\/strong>Genomg\u00e5ng av material, f\u00f6r och nackdelar med olika produkter. S\u00e4kerhet, risker och milj\u00f6h\u00e4nsyn. Enkla riggningar och bed\u00f6mning av b\u00e4rgningsmotst\u00e5nd. Winch \u2013 beh\u00f6vs den, varf\u00f6r.<br><br><strong>Praktik: <\/strong>\u00d6vningar med olika scenarios. S\u00e4kerhetst\u00e4nk vid b\u00e4rgning. Milj\u00f6h\u00e4nsyn. F\u00f6rankringspunkter.<\/p>\n\n\n\n<p class=\"has-text-align-right\">Minst 5 deltagare per kurs. Priset \u00e4r 2.750:- \/ person. <br>dan@baldur.nu \/ +46 708 11 66 88<\/p>\n\n\n\n<p class=\"has-large-font-size\"><strong>Steg 2, 1 dag<\/strong><\/p>\n\n\n\n<p>B\u00e4rgning med winch<br><br><strong>Teori: <\/strong>Genomg\u00e5ng av material, f\u00f6r och nackdelar med olika produkter. S\u00e4kerhet, risker och milj\u00f6h\u00e4nsyn. Genomg\u00e5ng av olika typer av riggningar och bed\u00f6mning och ber\u00e4kning av b\u00e4rgningsmotst\u00e5nd. <br><br><strong>Praktik:<\/strong> \u00d6vningar med winch med olika scenarios. Ber\u00e4kning av b\u00e4rgningsmotst\u00e5nd. S\u00e4kerhetst\u00e4nk vid b\u00e4rgning. Milj\u00f6h\u00e4nsyn. F\u00f6rankringspunkter. <br><\/p>\n\n\n\n<p class=\"has-text-align-right\">Minst 5 deltagare per kurs. Priset \u00e4r 4.950:- \/ person <br>dan@baldur.nu \/ +46 708 11 66 88<\/p>\n\n\n\n<p class=\"has-large-font-size\"><strong>Steg 3<\/strong>, 2 dagar<\/p>\n\n\n\n<p>B\u00e4rgning med winch och alternativa metoder Dag 1, upp till halva dagen teori, l\u00f6sningar, produkter och mekanik. Dag 2, mycket praktik. Olika riggningar med m\u00e5nga former av f\u00f6rankringspunkter. Olika typer av b\u00e4rgningsuppl\u00e4gg med alternativa l\u00f6sningar som Hi-Lift och ryckstropp;<\/p>\n\n\n\n<p><strong>Teori: <\/strong>Genomg\u00e5ng av material, f\u00f6r och nackdelar med olika produkter. S\u00e4kerhet, risker och milj\u00f6h\u00e4nsyn. Genomg\u00e5ng av olika typer av riggningar och bed\u00f6mning och ber\u00e4kning av b\u00e4rgningsmotst\u00e5nd<\/p>\n\n\n\n<p><strong>Praktisk riggning:<\/strong> \u00d6vningar med winch med olika scenarios Ber\u00e4kning av b\u00e4rgningsmotst\u00e5nd S\u00e4kerhetst\u00e4nk vid b\u00e4rgning. <br>Milj\u00f6h\u00e4nsyn <br>F\u00f6rankringspunkter<\/p>\n\n\n\n<p class=\"has-text-align-right\">Minst 5 deltagare per kurs. Offert p\u00e5 f\u00f6rfr\u00e5gan!<br>dan@baldur.nu \/ +46 708 11 66 88<\/p>\n\n\n<div class=\"pgc-sgb-cb wp-block-pgcsimplygalleryblock-justified \" data-gallery-id=\"09e41430\"><div class=\"sgb-preloader\" id=\"pr_09e41430\">\n\t<div class=\"sgb-square\" style=\"background:#d4d4d4\"><\/div>\n\t<div class=\"sgb-square\" style=\"background:#d4d4d4\"><\/div>\n\t<div class=\"sgb-square\" style=\"background:#d4d4d4\"><\/div>\n\t<div class=\"sgb-square\" style=\"background:#d4d4d4\"><\/div><\/div><div class=\"simply-gallery-amp pgc_sgb_slider \"><noscript><div class=\"sgb-gallery\"><div class=\"sgb-item\"><a href=\"http:\/\/4x4event.se\/aktiviteter\/bargning-recovery-winch\/img_8405\/\" target=\"_blank\"><img decoding=\"async\" alt=\"\" width=\"300\" height=\"200\" loading=\"lazy\" src=\"http:\/\/4x4event.se\/wp-content\/uploads\/2023\/04\/IMG_8405-300x200.jpg\" srcset=\"http:\/\/4x4event.se\/wp-content\/uploads\/2023\/04\/IMG_8405-300x200.jpg 300w,http:\/\/4x4event.se\/wp-content\/uploads\/2023\/04\/IMG_8405.jpg 972w\" sizes=\"auto, 250px\"\/><\/a><\/div><\/div><\/noscript><\/div><script type=\"application\/json\" class=\"sgb-data\">{\"galleryType\":\"pgc_sgb_justified\",\"galleryId\":\"09e41430\",\"images\":[{\"id\":354,\"title\":\"IMG_8405\",\"url\":\"http:\/\/4x4event.se\/wp-content\/uploads\/2023\/04\/IMG_8405.jpg\",\"link\":\"http:\/\/4x4event.se\/aktiviteter\/bargning-recovery-winch\/img_8405\/\",\"alt\":\"\",\"description\":\"\",\"caption\":\"\",\"mime\":\"image\/jpeg\",\"type\":\"image\",\"width\":972,\"height\":648,\"sizes\":{\"thumbnail\":{\"height\":150,\"width\":150,\"url\":\"http:\/\/4x4event.se\/wp-content\/uploads\/2023\/04\/IMG_8405-150x150.jpg\",\"orientation\":\"landscape\"},\"medium\":{\"height\":200,\"width\":300,\"url\":\"http:\/\/4x4event.se\/wp-content\/uploads\/2023\/04\/IMG_8405-300x200.jpg\",\"orientation\":\"landscape\"},\"full\":{\"url\":\"http:\/\/4x4event.se\/wp-content\/uploads\/2023\/04\/IMG_8405.jpg\",\"height\":648,\"width\":972,\"orientation\":\"landscape\"}},\"meta\":false,\"postlink\":\"http:\/\/4x4event.se\/aktiviteter\/bargning-recovery-winch\/img_8405\/\"}],\"itemsMetaDataCollection\":[],\"TrpContentRestriction\":{\"restriction_type\":\"exclude\",\"selected_languages\":[],\"panel_open\":true}}<\/script><script>(function(){if(window.PGC_SGB && window.PGC_SGB.searcher){window.PGC_SGB.searcher.initBlocks()}})()<\/script><\/div>","protected":false},"excerpt":{"rendered":"<p>Steg 1, \u00bd dag B\u00e4rgning utan winch Grunder, risker\/s\u00e4kerhet, teori\/praktik Teori: Genomg\u00e5ng av material, f\u00f6r och nackdelar med olika produkter. S\u00e4kerhet, risker och milj\u00f6h\u00e4nsyn. Enkla riggningar och bed\u00f6mning av b\u00e4rgningsmotst\u00e5nd. Winch \u2013 beh\u00f6vs den, varf\u00f6r. Praktik: \u00d6vningar med olika scenarios. S\u00e4kerhetst\u00e4nk vid b\u00e4rgning. Milj\u00f6h\u00e4nsyn. F\u00f6rankringspunkter. Minst 5 deltagare per kurs. Priset \u00e4r 2.750:- \/ person. [&hellip;]<\/p>\n","protected":false},"author":1,"featured_media":0,"parent":2,"menu_order":0,"comment_status":"closed","ping_status":"closed","template":"","meta":{"pgc_sgb_lightbox_settings":"","footnotes":""},"class_list":["post-44","page","type-page","status-publish","hentry"],"_links":{"self":[{"href":"http:\/\/4x4event.se\/en\/wp-json\/wp\/v2\/pages\/44","targetHints":{"allow":["GET"]}}],"collection":[{"href":"http:\/\/4x4event.se\/en\/wp-json\/wp\/v2\/pages"}],"about":[{"href":"http:\/\/4x4event.se\/en\/wp-json\/wp\/v2\/types\/page"}],"author":[{"embeddable":true,"href":"http:\/\/4x4event.se\/en\/wp-json\/wp\/v2\/users\/1"}],"replies":[{"embeddable":true,"href":"http:\/\/4x4event.se\/en\/wp-json\/wp\/v2\/comments?post=44"}],"version-history":[{"count":20,"href":"http:\/\/4x4event.se\/en\/wp-json\/wp\/v2\/pages\/44\/revisions"}],"predecessor-version":[{"id":356,"href":"http:\/\/4x4event.se\/en\/wp-json\/wp\/v2\/pages\/44\/revisions\/356"}],"up":[{"embeddable":true,"href":"http:\/\/4x4event.se\/en\/wp-json\/wp\/v2\/pages\/2"}],"wp:attachment":[{"href":"http:\/\/4x4event.se\/en\/wp-json\/wp\/v2\/media?parent=44"}],"curies":[{"name":"wp","href":"https:\/\/api.w.org\/{rel}","templated":true}]}}