{"id":430,"date":"2023-04-07T13:45:59","date_gmt":"2023-04-07T12:45:59","guid":{"rendered":"http:\/\/4x4event.se\/?page_id=430"},"modified":"2023-04-07T13:45:59","modified_gmt":"2023-04-07T12:45:59","slug":"ring-knutstorp","status":"publish","type":"page","link":"http:\/\/4x4event.se\/en\/om-oss\/ring-knutstorp\/","title":{"rendered":"Ring Knutstorp"},"content":{"rendered":"<p><strong>Ring Knutstorp,<\/strong> Sveriges sydligaste och mest kuperade motorbana, \u00e4r v\u00e5r hemmabas. P\u00e5 omr\u00e5det har vi v\u00e5ra fasta installationer som stockhinder och terr\u00e4ngsp\u00e5r. Tillg\u00e5ngen till asfalt, motorbanan, halkbanor och den kuperade terr\u00e4ngen, g\u00f6r att vi kan utf\u00f6ra alla v\u00e5ra utbildningar och aktiviteter h\u00e4r. Till detta kommer v\u00e5rt godk\u00e4nda k\u00f6romr\u00e5de i Sm\u00e5land. Mycket kort historik \u2026 <br><br>Ring Knutstorp byggdes ursprungligen, av Hyllinge Motors\u00e4llskap, som en motocrossbana i b\u00f6rjan p\u00e5 \u201950-talet. 1959 anlades en kort bana f\u00f6r bilar, p\u00e5 oljegrus, som asfalterades f\u00f6ljande \u00e5r. 1970 f\u00f6rl\u00e4ngdes banan till strax \u00f6ver 2 km, med i stort samma str\u00e4ckning som idag. <br><br>Banan \u00e4gs, och drivs idag av Ring Knutstorp AB som ing\u00e5r F\u00f6renade Bil\/S\u00f6derstr\u00f6mgruppen.<\/p>","protected":false},"excerpt":{"rendered":"<p>Ring Knutstorp, Sveriges sydligaste och mest kuperade motorbana, \u00e4r v\u00e5r hemmabas. P\u00e5 omr\u00e5det har vi v\u00e5ra fasta installationer som stockhinder och terr\u00e4ngsp\u00e5r. Tillg\u00e5ngen till asfalt, motorbanan, halkbanor och den kuperade terr\u00e4ngen, g\u00f6r att vi kan utf\u00f6ra alla v\u00e5ra utbildningar och aktiviteter h\u00e4r. Till detta kommer v\u00e5rt godk\u00e4nda k\u00f6romr\u00e5de i Sm\u00e5land. Mycket kort historik \u2026 Ring [&hellip;]<\/p>\n","protected":false},"author":2,"featured_media":0,"parent":29,"menu_order":0,"comment_status":"closed","ping_status":"closed","template":"","meta":{"pgc_sgb_lightbox_settings":"","footnotes":""},"class_list":["post-430","page","type-page","status-publish","hentry"],"_links":{"self":[{"href":"http:\/\/4x4event.se\/en\/wp-json\/wp\/v2\/pages\/430","targetHints":{"allow":["GET"]}}],"collection":[{"href":"http:\/\/4x4event.se\/en\/wp-json\/wp\/v2\/pages"}],"about":[{"href":"http:\/\/4x4event.se\/en\/wp-json\/wp\/v2\/types\/page"}],"author":[{"embeddable":true,"href":"http:\/\/4x4event.se\/en\/wp-json\/wp\/v2\/users\/2"}],"replies":[{"embeddable":true,"href":"http:\/\/4x4event.se\/en\/wp-json\/wp\/v2\/comments?post=430"}],"version-history":[{"count":1,"href":"http:\/\/4x4event.se\/en\/wp-json\/wp\/v2\/pages\/430\/revisions"}],"predecessor-version":[{"id":431,"href":"http:\/\/4x4event.se\/en\/wp-json\/wp\/v2\/pages\/430\/revisions\/431"}],"up":[{"embeddable":true,"href":"http:\/\/4x4event.se\/en\/wp-json\/wp\/v2\/pages\/29"}],"wp:attachment":[{"href":"http:\/\/4x4event.se\/en\/wp-json\/wp\/v2\/media?parent=430"}],"curies":[{"name":"wp","href":"https:\/\/api.w.org\/{rel}","templated":true}]}}