{"id":408,"date":"2023-04-05T20:01:21","date_gmt":"2023-04-05T19:01:21","guid":{"rendered":"http:\/\/4x4event.se\/?page_id=408"},"modified":"2023-04-05T20:28:40","modified_gmt":"2023-04-05T19:28:40","slug":"overlanding-off-road-on-road-oss","status":"publish","type":"page","link":"http:\/\/4x4event.se\/en\/om-oss\/overlanding-off-road-on-road-oss\/","title":{"rendered":"Overlanding\/Off Road\/On Road"},"content":{"rendered":"<p class=\"has-medium-font-size\"><em>Fram till f\u00f6r n\u00e5gra \u00e5r sedan har terr\u00e4ngk\u00f6rning och \u201doffroading\u201d i princip varit samma sak. Eller setts som det f\u00f6r de inte redan intresserade. Men sedan n\u00e5gra \u00e5r har ett nytt begrepp h\u00f6rts allt mer.<\/em><\/p>\n\n\n\n<p class=\"has-large-font-size\"><strong>Overlanding<\/strong><\/p>\n\n\n\n<p class=\"has-medium-font-size\">Vad \u00e4r d\u00e5 Overlanding? Det \u00e4r inte alldeles l\u00e4tt att f\u00f6rklara. Det finns inget bra svenskt ord f\u00f6r det. Vi kan faktiskt g\u00e5 \u00e4nda tillbaka till nybyggarna i Amerika och Australien f\u00f6r att finna ursprunget. Allts\u00e5 nybyggarna som b\u00f6rjade r\u00f6ra sig \u00f6ver b\u00e5da kontinenterna f\u00f6r att finna st\u00e4llen att bos\u00e4tta sig. Sedermera blev uttrycket etablerat d\u00e5 boskap drevs \u00f6ver l\u00e5nga str\u00e4ckor i vild natur. Man pratade d\u00e5 om \u201dOverlanding Trails\u201d. <br><br>Men i samband med bilen i b\u00f6rjan p\u00e5 1900-talet b\u00f6rjade de v\u00e4l bemedlade att med \u201dautomobilen\u201d g\u00f6ra l\u00e5nga resor. Ibland v\u00e4ldigt l\u00e5nga, \u201dNordkap i Norge till Sydkap i Afrika\u201d \u00e4r ett klassiskt europeiskt exempel. <br><br>Man hade utrustning med sig f\u00f6r att \u00f6verleva resan. Det hade blivit en resa f\u00f6r egen resans skull. <br><br>Idag g\u00f6rs fortfarande mycket l\u00e5nga resor oftast med mycket v\u00e4l utrustade SUV:ar eller till och med lastbilar. Men, och det \u00e4r ett viktigt men! Det g\u00e5r att \u201doverlanda\u201d p\u00e5 betydligt n\u00e4rmre och billigare h\u00e5ll. Det ser vi i de allt fler \u201dt\u00e4lt p\u00e5 taket utrustade\u201d bilar som syns i trafiken. Och de beh\u00f6ver inte vara SUV:ar! Vi ser Subaru, Volvo, VW, Ford etcetera. \u00c4ven en Tesla med t\u00e4lt p\u00e5 taket har vi sett. Man beh\u00f6ver allts\u00e5 inte en h\u00f6jd, och med winch, utrustad Jeep eller Toyota. <br><br><strong>Overlanding<\/strong> \u00e4r allts\u00e5 inte<strong> Off Road<\/strong>. I England pratar man om \u201dgreen laning\u201d som precis som Overlanding \u00e4r den absolut mildaste\/l\u00e4ttaste typen av \u201doffroading\u201d. Man k\u00f6r p\u00e5 oasfalterade v\u00e4gar som skogs\/grusv\u00e4gar, kanske v\u00e4gar som inte anv\u00e4nds l\u00e4ngre (v\u00e4gen har dragits om), man k\u00f6r med \u00e4ldre kartor och upplever naturen p\u00e5 det s\u00e4ttet. <br><br>I Sverige har vi allemansr\u00e4tten vilket inneb\u00e4r att \u00e4r det inte en bom \u00f6ver v\u00e4gen eller skylt som f\u00f6rbjuder motorfordonstrafik f\u00e5r vi k\u00f6ra p\u00e5 den. Hittar vi en inbjudande plats f\u00e5r vi ocks\u00e5 anv\u00e4nda t\u00e4ltet p\u00e5 bilen och stanna \u00f6ver natten. <br><br>Allt det vi f\u00e5r g\u00f6ra ska g\u00f6ras med ansvar. Vi ska veta vad som \u00e4r till\u00e5tet och vilka lagar som g\u00e4ller. Vi m\u00e5ste t\u00e4nka p\u00e5 de bofasta. Vi ska l\u00e4mna \u00f6vernattningsplatsen i b\u00e4ttre skick \u00e4n hur den s\u00e5g ut n\u00e4r vi kom. K\u00f6ra l\u00e5ngsamt och njuta. D\u00e5 \u00e4r vi v\u00e4lkomna tillbaka. <br><br>Vi p\u00e5 4&#215;4 har en gedigen erfarenhet av bilar p\u00e5 asfalt, sn\u00f6, Overland och Off Road \u2026 Vi har tittat p\u00e5 det vi gjort tidigare, p\u00e5 den senaste utvecklingen och erbjuder nu det du hittar p\u00e5 denna hemsida.<\/p>","protected":false},"excerpt":{"rendered":"<p>Fram till f\u00f6r n\u00e5gra \u00e5r sedan har terr\u00e4ngk\u00f6rning och \u201doffroading\u201d i princip varit samma sak. Eller setts som det f\u00f6r de inte redan intresserade. Men sedan n\u00e5gra \u00e5r har ett nytt begrepp h\u00f6rts allt mer. Overlanding Vad \u00e4r d\u00e5 Overlanding? Det \u00e4r inte alldeles l\u00e4tt att f\u00f6rklara. Det finns inget bra svenskt ord f\u00f6r det. [&hellip;]<\/p>\n","protected":false},"author":2,"featured_media":0,"parent":29,"menu_order":0,"comment_status":"closed","ping_status":"closed","template":"","meta":{"pgc_sgb_lightbox_settings":"","footnotes":""},"class_list":["post-408","page","type-page","status-publish","hentry"],"_links":{"self":[{"href":"http:\/\/4x4event.se\/en\/wp-json\/wp\/v2\/pages\/408","targetHints":{"allow":["GET"]}}],"collection":[{"href":"http:\/\/4x4event.se\/en\/wp-json\/wp\/v2\/pages"}],"about":[{"href":"http:\/\/4x4event.se\/en\/wp-json\/wp\/v2\/types\/page"}],"author":[{"embeddable":true,"href":"http:\/\/4x4event.se\/en\/wp-json\/wp\/v2\/users\/2"}],"replies":[{"embeddable":true,"href":"http:\/\/4x4event.se\/en\/wp-json\/wp\/v2\/comments?post=408"}],"version-history":[{"count":5,"href":"http:\/\/4x4event.se\/en\/wp-json\/wp\/v2\/pages\/408\/revisions"}],"predecessor-version":[{"id":415,"href":"http:\/\/4x4event.se\/en\/wp-json\/wp\/v2\/pages\/408\/revisions\/415"}],"up":[{"embeddable":true,"href":"http:\/\/4x4event.se\/en\/wp-json\/wp\/v2\/pages\/29"}],"wp:attachment":[{"href":"http:\/\/4x4event.se\/en\/wp-json\/wp\/v2\/media?parent=408"}],"curies":[{"name":"wp","href":"https:\/\/api.w.org\/{rel}","templated":true}]}}