{"id":40,"date":"2023-03-04T08:26:18","date_gmt":"2023-03-04T08:26:18","guid":{"rendered":"http:\/\/4x4event.se\/?page_id=40"},"modified":"2023-04-05T12:02:28","modified_gmt":"2023-04-05T11:02:28","slug":"smaland-weekend-adventure","status":"publish","type":"page","link":"http:\/\/4x4event.se\/en\/aktiviteter\/smaland-weekend-adventure\/","title":{"rendered":"Sm\u00e5land \u2013 Weekend Adventure"},"content":{"rendered":"\n<p>Detta \u00e4r ett en- tv\u00e5dagarspaket med offroad k\u00f6rning i s\u00f6dra Sm\u00e5land. Vi har ett, av kommunen godk\u00e4nt, k\u00f6romr\u00e5de i n\u00e4rheten av Str\u00f6msn\u00e4sbruk. <br><br><strong>1 dag,<\/strong> Vi \u00e4r ute i riktig skogsterr\u00e4ng med flera sp\u00e5r av varierande sv\u00e5righetsgrad. Ibland kan vi beh\u00f6va anv\u00e4nda winch. Vi k\u00f6r tillsammans och hj\u00e4lps \u00e5t n\u00e4r det beh\u00f6vs.<\/p>\n\n\n\n<p class=\"has-text-align-right\">Fm.\/em. fika och lunch ing\u00e5r. Priset \u00e4r 4.950:- \/deltagare<br>dan@baldur.nu \/ +46 708 11 66 88<\/p>\n\n\n\n<p><strong>2 dagar,<\/strong> normalt l\u00f6rdag\/s\u00f6ndag, \u00e4r \u00f6nskem\u00e5let veckodagar ordnar vi det. Vi tr\u00e4ffas vid Shellmacken, E4:an\/Str\u00f6msn\u00e4sbruk vid 10-tiden. K\u00f6r ut i skogen och g\u00f6r oss hemmastadda. D\u00e4refter b\u00f6rjar vi k\u00f6ra. \u00d6vernattning p\u00e5 omr\u00e5det eller hotell. L\u00f6rdag, lunch, em. fika och middag \/ s\u00f6ndag, frukost, fm. fika och lunch ing\u00e5r. <br><br><strong>Privatpersoner<\/strong>: 2 dagar Minst 10 bilar m\u00e5ste delta. Vi jobbar nu fram ett pris efter pandemin. <br><br><strong>F\u00f6retag:<\/strong> Konferens, f\u00f6retagsevenemang eller teambuilding. Vi erbjuder paket fr\u00e5n halv dag till flera dagar. Kontakta oss f\u00f6r f\u00f6rslag och offert. Maila eller ring.<\/p>\n\n\n\n<p class=\"has-text-align-right\">Offert p\u00e5 f\u00f6rfr\u00e5gan!<br>dan@baldur.nu \/ +46 708 11 66 88<\/p>\n\n\n<div class=\"pgc-sgb-cb wp-block-pgcsimplygalleryblock-justified \" data-gallery-id=\"34969023\"><div class=\"sgb-preloader\" id=\"pr_34969023\">\n\t<div class=\"sgb-square\" style=\"background:#d4d4d4\"><\/div>\n\t<div class=\"sgb-square\" style=\"background:#d4d4d4\"><\/div>\n\t<div class=\"sgb-square\" style=\"background:#d4d4d4\"><\/div>\n\t<div class=\"sgb-square\" style=\"background:#d4d4d4\"><\/div><\/div><div class=\"simply-gallery-amp pgc_sgb_slider \"><noscript><div class=\"sgb-gallery\"><div class=\"sgb-item\"><a href=\"http:\/\/4x4event.se\/aktiviteter\/smaland-weekend-adventure\/1801297_902286019806408_1767388990044202604_o\/\" target=\"_blank\"><img decoding=\"async\" alt=\"\" width=\"300\" height=\"200\" loading=\"lazy\" src=\"http:\/\/4x4event.se\/wp-content\/uploads\/2023\/03\/1801297_902286019806408_1767388990044202604_o-300x200.jpg\" srcset=\"http:\/\/4x4event.se\/wp-content\/uploads\/2023\/03\/1801297_902286019806408_1767388990044202604_o-300x200.jpg 300w,http:\/\/4x4event.se\/wp-content\/uploads\/2023\/03\/1801297_902286019806408_1767388990044202604_o.jpg 900w\" sizes=\"auto, 250px\"\/><\/a><\/div><div class=\"sgb-item\"><a href=\"http:\/\/4x4event.se\/aktiviteter\/smaland-weekend-adventure\/10_7_skrgrdvstervik2\/\" target=\"_blank\"><img decoding=\"async\" alt=\"\" width=\"300\" height=\"210\" loading=\"lazy\" src=\"http:\/\/4x4event.se\/wp-content\/uploads\/2023\/04\/10_7_skc3a4rgc3a5rd20vc3a4stervik2-300x210.jpg\" srcset=\"http:\/\/4x4event.se\/wp-content\/uploads\/2023\/04\/10_7_skc3a4rgc3a5rd20vc3a4stervik2-300x210.jpg 300w,http:\/\/4x4event.se\/wp-content\/uploads\/2023\/04\/10_7_skc3a4rgc3a5rd20vc3a4stervik2.jpg 960w\" sizes=\"auto, 250px\"\/><\/a><\/div><div class=\"sgb-item\"><a href=\"http:\/\/4x4event.se\/aktiviteter\/smaland-weekend-adventure\/120519-6\/\" target=\"_blank\"><img decoding=\"async\" alt=\"\" width=\"300\" height=\"200\" loading=\"lazy\" src=\"http:\/\/4x4event.se\/wp-content\/uploads\/2023\/04\/120519-6-300x200.jpg\" srcset=\"http:\/\/4x4event.se\/wp-content\/uploads\/2023\/04\/120519-6-300x200.jpg 300w,http:\/\/4x4event.se\/wp-content\/uploads\/2023\/04\/120519-6.jpg 960w\" sizes=\"auto, 250px\"\/><\/a><\/div><div class=\"sgb-item\"><a href=\"http:\/\/4x4event.se\/aktiviteter\/smaland-weekend-adventure\/1538775_779094218792256_1573074338064503612_n-2\/\" target=\"_blank\"><img decoding=\"async\" alt=\"\" width=\"300\" height=\"225\" loading=\"lazy\" src=\"http:\/\/4x4event.se\/wp-content\/uploads\/2023\/04\/1538775_779094218792256_1573074338064503612_n-300x225.jpg\" srcset=\"http:\/\/4x4event.se\/wp-content\/uploads\/2023\/04\/1538775_779094218792256_1573074338064503612_n-300x225.jpg 300w,http:\/\/4x4event.se\/wp-content\/uploads\/2023\/04\/1538775_779094218792256_1573074338064503612_n.jpg 900w\" sizes=\"auto, 250px\"\/><\/a><\/div><div class=\"sgb-item\"><a href=\"http:\/\/4x4event.se\/aktiviteter\/smaland-weekend-adventure\/attachment\/01066603961647418\/\" target=\"_blank\"><img decoding=\"async\" alt=\"\" width=\"300\" height=\"226\" loading=\"lazy\" src=\"http:\/\/4x4event.se\/wp-content\/uploads\/2023\/04\/01066603961647418-300x226.jpg\" srcset=\"http:\/\/4x4event.se\/wp-content\/uploads\/2023\/04\/01066603961647418-300x226.jpg 300w,http:\/\/4x4event.se\/wp-content\/uploads\/2023\/04\/01066603961647418.jpg 960w\" sizes=\"auto, 250px\"\/><\/a><\/div><div class=\"sgb-item\"><a href=\"http:\/\/4x4event.se\/aktiviteter\/smaland-weekend-adventure\/1538775_779094218792256_1573074338064503612_n\/\" target=\"_blank\"><img decoding=\"async\" alt=\"\" width=\"300\" height=\"225\" loading=\"lazy\" src=\"http:\/\/4x4event.se\/wp-content\/uploads\/2023\/03\/1538775_779094218792256_1573074338064503612_n-300x225.jpg\" srcset=\"http:\/\/4x4event.se\/wp-content\/uploads\/2023\/03\/1538775_779094218792256_1573074338064503612_n-300x225.jpg 300w,http:\/\/4x4event.se\/wp-content\/uploads\/2023\/03\/1538775_779094218792256_1573074338064503612_n.jpg 900w\" sizes=\"auto, 250px\"\/><\/a><\/div><div class=\"sgb-item\"><a href=\"http:\/\/4x4event.se\/aktiviteter\/smaland-weekend-adventure\/1623684_749190678449277_2037971666_n\/\" target=\"_blank\"><img decoding=\"async\" alt=\"\" width=\"300\" height=\"225\" loading=\"lazy\" src=\"http:\/\/4x4event.se\/wp-content\/uploads\/2023\/03\/1623684_749190678449277_2037971666_n-300x225.jpg\" srcset=\"http:\/\/4x4event.se\/wp-content\/uploads\/2023\/03\/1623684_749190678449277_2037971666_n-300x225.jpg 300w,http:\/\/4x4event.se\/wp-content\/uploads\/2023\/03\/1623684_749190678449277_2037971666_n.jpg 900w\" sizes=\"auto, 250px\"\/><\/a><\/div><div class=\"sgb-item\"><a href=\"http:\/\/4x4event.se\/aktiviteter\/smaland-weekend-adventure\/10250186_779094215458923_6690642894599335418_n\/\" target=\"_blank\"><img decoding=\"async\" alt=\"\" width=\"300\" height=\"225\" loading=\"lazy\" src=\"http:\/\/4x4event.se\/wp-content\/uploads\/2023\/03\/10250186_779094215458923_6690642894599335418_n-300x225.jpg\" srcset=\"http:\/\/4x4event.se\/wp-content\/uploads\/2023\/03\/10250186_779094215458923_6690642894599335418_n-300x225.jpg 300w,http:\/\/4x4event.se\/wp-content\/uploads\/2023\/03\/10250186_779094215458923_6690642894599335418_n.jpg 900w\" sizes=\"auto, 250px\"\/><\/a><\/div><\/div><\/noscript><\/div><script type=\"application\/json\" class=\"sgb-data\">{\"collectionThumbRecomendedHeight\":100,\"galleryType\":\"pgc_sgb_justified\",\"galleryId\":\"34969023\",\"images\":[{\"id\":191,\"title\":\"1801297_902286019806408_1767388990044202604_o\",\"url\":\"http:\/\/4x4event.se\/wp-content\/uploads\/2023\/03\/1801297_902286019806408_1767388990044202604_o.jpg\",\"link\":\"http:\/\/4x4event.se\/aktiviteter\/smaland-weekend-adventure\/1801297_902286019806408_1767388990044202604_o\/\",\"alt\":\"\",\"description\":\"\",\"caption\":\"\",\"mime\":\"image\/jpeg\",\"type\":\"image\",\"width\":900,\"height\":600,\"sizes\":{\"thumbnail\":{\"height\":150,\"width\":150,\"url\":\"http:\/\/4x4event.se\/wp-content\/uploads\/2023\/03\/1801297_902286019806408_1767388990044202604_o-150x150.jpg\",\"orientation\":\"landscape\"},\"medium\":{\"height\":200,\"width\":300,\"url\":\"http:\/\/4x4event.se\/wp-content\/uploads\/2023\/03\/1801297_902286019806408_1767388990044202604_o-300x200.jpg\",\"orientation\":\"landscape\"},\"full\":{\"url\":\"http:\/\/4x4event.se\/wp-content\/uploads\/2023\/03\/1801297_902286019806408_1767388990044202604_o.jpg\",\"height\":600,\"width\":900,\"orientation\":\"landscape\"}},\"meta\":false,\"postlink\":\"http:\/\/4x4event.se\/aktiviteter\/smaland-weekend-adventure\/1801297_902286019806408_1767388990044202604_o\/\"},{\"id\":357,\"title\":\"10_7_skrgrdvstervik2\",\"url\":\"http:\/\/4x4event.se\/wp-content\/uploads\/2023\/04\/10_7_skc3a4rgc3a5rd20vc3a4stervik2.jpg\",\"link\":\"http:\/\/4x4event.se\/aktiviteter\/smaland-weekend-adventure\/10_7_skrgrdvstervik2\/\",\"alt\":\"\",\"description\":\"\",\"caption\":\"\",\"mime\":\"image\/jpeg\",\"type\":\"image\",\"width\":960,\"height\":672,\"sizes\":{\"thumbnail\":{\"height\":150,\"width\":150,\"url\":\"http:\/\/4x4event.se\/wp-content\/uploads\/2023\/04\/10_7_skc3a4rgc3a5rd20vc3a4stervik2-150x150.jpg\",\"orientation\":\"landscape\"},\"medium\":{\"height\":210,\"width\":300,\"url\":\"http:\/\/4x4event.se\/wp-content\/uploads\/2023\/04\/10_7_skc3a4rgc3a5rd20vc3a4stervik2-300x210.jpg\",\"orientation\":\"landscape\"},\"full\":{\"url\":\"http:\/\/4x4event.se\/wp-content\/uploads\/2023\/04\/10_7_skc3a4rgc3a5rd20vc3a4stervik2.jpg\",\"height\":672,\"width\":960,\"orientation\":\"landscape\"}},\"meta\":false,\"postlink\":\"http:\/\/4x4event.se\/aktiviteter\/smaland-weekend-adventure\/10_7_skrgrdvstervik2\/\"},{\"id\":358,\"title\":\"120519-6\",\"url\":\"http:\/\/4x4event.se\/wp-content\/uploads\/2023\/04\/120519-6.jpg\",\"link\":\"http:\/\/4x4event.se\/aktiviteter\/smaland-weekend-adventure\/120519-6\/\",\"alt\":\"\",\"description\":\"\",\"caption\":\"\",\"mime\":\"image\/jpeg\",\"type\":\"image\",\"width\":960,\"height\":641,\"sizes\":{\"thumbnail\":{\"height\":150,\"width\":150,\"url\":\"http:\/\/4x4event.se\/wp-content\/uploads\/2023\/04\/120519-6-150x150.jpg\",\"orientation\":\"landscape\"},\"medium\":{\"height\":200,\"width\":300,\"url\":\"http:\/\/4x4event.se\/wp-content\/uploads\/2023\/04\/120519-6-300x200.jpg\",\"orientation\":\"landscape\"},\"full\":{\"url\":\"http:\/\/4x4event.se\/wp-content\/uploads\/2023\/04\/120519-6.jpg\",\"height\":641,\"width\":960,\"orientation\":\"landscape\"}},\"meta\":false,\"postlink\":\"http:\/\/4x4event.se\/aktiviteter\/smaland-weekend-adventure\/120519-6\/\"},{\"id\":359,\"title\":\"1538775_779094218792256_1573074338064503612_n\",\"url\":\"http:\/\/4x4event.se\/wp-content\/uploads\/2023\/04\/1538775_779094218792256_1573074338064503612_n.jpg\",\"link\":\"http:\/\/4x4event.se\/aktiviteter\/smaland-weekend-adventure\/1538775_779094218792256_1573074338064503612_n-2\/\",\"alt\":\"\",\"description\":\"\",\"caption\":\"\",\"mime\":\"image\/jpeg\",\"type\":\"image\",\"width\":900,\"height\":675,\"sizes\":{\"thumbnail\":{\"height\":150,\"width\":150,\"url\":\"http:\/\/4x4event.se\/wp-content\/uploads\/2023\/04\/1538775_779094218792256_1573074338064503612_n-150x150.jpg\",\"orientation\":\"landscape\"},\"medium\":{\"height\":225,\"width\":300,\"url\":\"http:\/\/4x4event.se\/wp-content\/uploads\/2023\/04\/1538775_779094218792256_1573074338064503612_n-300x225.jpg\",\"orientation\":\"landscape\"},\"full\":{\"url\":\"http:\/\/4x4event.se\/wp-content\/uploads\/2023\/04\/1538775_779094218792256_1573074338064503612_n.jpg\",\"height\":675,\"width\":900,\"orientation\":\"landscape\"}},\"meta\":false,\"postlink\":\"http:\/\/4x4event.se\/aktiviteter\/smaland-weekend-adventure\/1538775_779094218792256_1573074338064503612_n-2\/\"},{\"id\":363,\"title\":\"01066603961647418\",\"url\":\"http:\/\/4x4event.se\/wp-content\/uploads\/2023\/04\/01066603961647418.jpg\",\"link\":\"http:\/\/4x4event.se\/aktiviteter\/smaland-weekend-adventure\/attachment\/01066603961647418\/\",\"alt\":\"\",\"description\":\"\",\"caption\":\"\",\"mime\":\"image\/jpeg\",\"type\":\"image\",\"width\":960,\"height\":722,\"sizes\":{\"thumbnail\":{\"height\":150,\"width\":150,\"url\":\"http:\/\/4x4event.se\/wp-content\/uploads\/2023\/04\/01066603961647418-150x150.jpg\",\"orientation\":\"landscape\"},\"medium\":{\"height\":226,\"width\":300,\"url\":\"http:\/\/4x4event.se\/wp-content\/uploads\/2023\/04\/01066603961647418-300x226.jpg\",\"orientation\":\"landscape\"},\"full\":{\"url\":\"http:\/\/4x4event.se\/wp-content\/uploads\/2023\/04\/01066603961647418.jpg\",\"height\":722,\"width\":960,\"orientation\":\"landscape\"}},\"meta\":false,\"postlink\":\"http:\/\/4x4event.se\/aktiviteter\/smaland-weekend-adventure\/attachment\/01066603961647418\/\"},{\"id\":188,\"title\":\"1538775_779094218792256_1573074338064503612_n\",\"url\":\"http:\/\/4x4event.se\/wp-content\/uploads\/2023\/03\/1538775_779094218792256_1573074338064503612_n.jpg\",\"link\":\"http:\/\/4x4event.se\/aktiviteter\/smaland-weekend-adventure\/1538775_779094218792256_1573074338064503612_n\/\",\"alt\":\"\",\"description\":\"\",\"caption\":\"\",\"mime\":\"image\/jpeg\",\"type\":\"image\",\"width\":900,\"height\":675,\"sizes\":{\"thumbnail\":{\"height\":150,\"width\":150,\"url\":\"http:\/\/4x4event.se\/wp-content\/uploads\/2023\/03\/1538775_779094218792256_1573074338064503612_n-150x150.jpg\",\"orientation\":\"landscape\"},\"medium\":{\"height\":225,\"width\":300,\"url\":\"http:\/\/4x4event.se\/wp-content\/uploads\/2023\/03\/1538775_779094218792256_1573074338064503612_n-300x225.jpg\",\"orientation\":\"landscape\"},\"full\":{\"url\":\"http:\/\/4x4event.se\/wp-content\/uploads\/2023\/03\/1538775_779094218792256_1573074338064503612_n.jpg\",\"height\":675,\"width\":900,\"orientation\":\"landscape\"}},\"meta\":false,\"postlink\":\"http:\/\/4x4event.se\/aktiviteter\/smaland-weekend-adventure\/1538775_779094218792256_1573074338064503612_n\/\"},{\"id\":189,\"title\":\"1623684_749190678449277_2037971666_n\",\"url\":\"http:\/\/4x4event.se\/wp-content\/uploads\/2023\/03\/1623684_749190678449277_2037971666_n.jpg\",\"link\":\"http:\/\/4x4event.se\/aktiviteter\/smaland-weekend-adventure\/1623684_749190678449277_2037971666_n\/\",\"alt\":\"\",\"description\":\"\",\"caption\":\"\",\"mime\":\"image\/jpeg\",\"type\":\"image\",\"width\":900,\"height\":675,\"sizes\":{\"thumbnail\":{\"height\":150,\"width\":150,\"url\":\"http:\/\/4x4event.se\/wp-content\/uploads\/2023\/03\/1623684_749190678449277_2037971666_n-150x150.jpg\",\"orientation\":\"landscape\"},\"medium\":{\"height\":225,\"width\":300,\"url\":\"http:\/\/4x4event.se\/wp-content\/uploads\/2023\/03\/1623684_749190678449277_2037971666_n-300x225.jpg\",\"orientation\":\"landscape\"},\"full\":{\"url\":\"http:\/\/4x4event.se\/wp-content\/uploads\/2023\/03\/1623684_749190678449277_2037971666_n.jpg\",\"height\":675,\"width\":900,\"orientation\":\"landscape\"}},\"meta\":false,\"postlink\":\"http:\/\/4x4event.se\/aktiviteter\/smaland-weekend-adventure\/1623684_749190678449277_2037971666_n\/\"},{\"id\":192,\"title\":\"10250186_779094215458923_6690642894599335418_n\",\"url\":\"http:\/\/4x4event.se\/wp-content\/uploads\/2023\/03\/10250186_779094215458923_6690642894599335418_n.jpg\",\"link\":\"http:\/\/4x4event.se\/aktiviteter\/smaland-weekend-adventure\/10250186_779094215458923_6690642894599335418_n\/\",\"alt\":\"\",\"description\":\"\",\"caption\":\"\",\"mime\":\"image\/jpeg\",\"type\":\"image\",\"width\":900,\"height\":675,\"sizes\":{\"thumbnail\":{\"height\":150,\"width\":150,\"url\":\"http:\/\/4x4event.se\/wp-content\/uploads\/2023\/03\/10250186_779094215458923_6690642894599335418_n-150x150.jpg\",\"orientation\":\"landscape\"},\"medium\":{\"height\":225,\"width\":300,\"url\":\"http:\/\/4x4event.se\/wp-content\/uploads\/2023\/03\/10250186_779094215458923_6690642894599335418_n-300x225.jpg\",\"orientation\":\"landscape\"},\"full\":{\"url\":\"http:\/\/4x4event.se\/wp-content\/uploads\/2023\/03\/10250186_779094215458923_6690642894599335418_n.jpg\",\"height\":675,\"width\":900,\"orientation\":\"landscape\"}},\"meta\":false,\"postlink\":\"http:\/\/4x4event.se\/aktiviteter\/smaland-weekend-adventure\/10250186_779094215458923_6690642894599335418_n\/\"}],\"itemsMetaDataCollection\":[],\"TrpContentRestriction\":{\"restriction_type\":\"exclude\",\"selected_languages\":[],\"panel_open\":true}}<\/script><script>(function(){if(window.PGC_SGB && window.PGC_SGB.searcher){window.PGC_SGB.searcher.initBlocks()}})()<\/script><\/div>","protected":false},"excerpt":{"rendered":"<p>Detta \u00e4r ett en- tv\u00e5dagarspaket med offroad k\u00f6rning i s\u00f6dra Sm\u00e5land. Vi har ett, av kommunen godk\u00e4nt, k\u00f6romr\u00e5de i n\u00e4rheten av Str\u00f6msn\u00e4sbruk. 1 dag, Vi \u00e4r ute i riktig skogsterr\u00e4ng med flera sp\u00e5r av varierande sv\u00e5righetsgrad. Ibland kan vi beh\u00f6va anv\u00e4nda winch. Vi k\u00f6r tillsammans och hj\u00e4lps \u00e5t n\u00e4r det beh\u00f6vs. Fm.\/em. fika och lunch [&hellip;]<\/p>\n","protected":false},"author":1,"featured_media":0,"parent":2,"menu_order":0,"comment_status":"closed","ping_status":"closed","template":"","meta":{"pgc_sgb_lightbox_settings":"","footnotes":""},"class_list":["post-40","page","type-page","status-publish","hentry"],"_links":{"self":[{"href":"http:\/\/4x4event.se\/en\/wp-json\/wp\/v2\/pages\/40","targetHints":{"allow":["GET"]}}],"collection":[{"href":"http:\/\/4x4event.se\/en\/wp-json\/wp\/v2\/pages"}],"about":[{"href":"http:\/\/4x4event.se\/en\/wp-json\/wp\/v2\/types\/page"}],"author":[{"embeddable":true,"href":"http:\/\/4x4event.se\/en\/wp-json\/wp\/v2\/users\/1"}],"replies":[{"embeddable":true,"href":"http:\/\/4x4event.se\/en\/wp-json\/wp\/v2\/comments?post=40"}],"version-history":[{"count":8,"href":"http:\/\/4x4event.se\/en\/wp-json\/wp\/v2\/pages\/40\/revisions"}],"predecessor-version":[{"id":365,"href":"http:\/\/4x4event.se\/en\/wp-json\/wp\/v2\/pages\/40\/revisions\/365"}],"up":[{"embeddable":true,"href":"http:\/\/4x4event.se\/en\/wp-json\/wp\/v2\/pages\/2"}],"wp:attachment":[{"href":"http:\/\/4x4event.se\/en\/wp-json\/wp\/v2\/media?parent=40"}],"curies":[{"name":"wp","href":"https:\/\/api.w.org\/{rel}","templated":true}]}}