{"id":289,"date":"2023-04-04T14:27:16","date_gmt":"2023-04-04T13:27:16","guid":{"rendered":"http:\/\/4x4event.se\/?page_id=289"},"modified":"2023-04-04T14:31:38","modified_gmt":"2023-04-04T13:31:38","slug":"instruktorer","status":"publish","type":"page","link":"http:\/\/4x4event.se\/en\/om-oss\/instruktorer\/","title":{"rendered":"Instrukt\u00f6rer"},"content":{"rendered":"<p class=\"has-large-font-size\"><strong>Instrukt\u00f6rer<\/strong><\/p>\n\n\n\n<div class=\"wp-block-group is-content-justification-center is-nowrap is-layout-flex wp-container-core-group-is-layout-17de24ff wp-block-group-is-layout-flex\" style=\"margin-top:var(--wp--preset--spacing--50)\">\n<figure class=\"wp-block-image size-full\"><img loading=\"lazy\" decoding=\"async\" width=\"195\" height=\"195\" src=\"http:\/\/4x4event.se\/wp-content\/uploads\/2023\/03\/about-us-dude.png\" alt=\"\" class=\"wp-image-65\" srcset=\"http:\/\/4x4event.se\/wp-content\/uploads\/2023\/03\/about-us-dude.png 195w, http:\/\/4x4event.se\/wp-content\/uploads\/2023\/03\/about-us-dude-150x150.png 150w, http:\/\/4x4event.se\/wp-content\/uploads\/2023\/03\/about-us-dude-12x12.png 12w\" sizes=\"auto, (max-width: 195px) 100vw, 195px\" \/><\/figure>\n\n\n\n<h2 class=\"wp-block-heading has-large-font-size\"><strong>DAN RETTMARK,<br>\u00c4GARE\/INSTRUKT\u00d6R<\/strong><\/h2>\n<\/div>\n\n\n\n<p>Dans karri\u00e4r har pr\u00e4glats av arbetet inom fordonssektorn. Han b\u00f6rjade som mekaniker och kom snart in i andra delar av branschen. Service, f\u00f6rs\u00e4ljning, utbildning, PR, marknadsf\u00f6ring. <br><br>1993 blev han projektledare f\u00f6r stora utst\u00e4llningar och evenemang f\u00f6r Detroit\u2013baserade George P. Johnson Company i USA. Chrysler Corporation sedermera DaimlerChrysler var kunden. Under de senaste \u00e5ren, \u00e5ter i Sverige, var Dan bland annat ansvarig f\u00f6r Jeeps partnerskap p\u00e5 Kolm\u00e5rdens djurpark i \u00d6sterg\u00f6tland och Jeep Academy i Grythyttan. Sedan 2007 driver Dan Baldur Consulting och 2010 4x4Event.<\/p>\n\n\n\n<div class=\"wp-block-group is-content-justification-center is-nowrap is-layout-flex wp-container-core-group-is-layout-17de24ff wp-block-group-is-layout-flex\" style=\"margin-top:var(--wp--preset--spacing--50)\">\n<figure class=\"wp-block-image size-full\"><img loading=\"lazy\" decoding=\"async\" width=\"194\" height=\"194\" src=\"http:\/\/4x4event.se\/wp-content\/uploads\/2023\/03\/about-us-Jerk-1.png\" alt=\"\" class=\"wp-image-66\" srcset=\"http:\/\/4x4event.se\/wp-content\/uploads\/2023\/03\/about-us-Jerk-1.png 194w, http:\/\/4x4event.se\/wp-content\/uploads\/2023\/03\/about-us-Jerk-1-150x150.png 150w, http:\/\/4x4event.se\/wp-content\/uploads\/2023\/03\/about-us-Jerk-1-12x12.png 12w\" sizes=\"auto, (max-width: 194px) 100vw, 194px\" \/><\/figure>\n\n\n\n<h2 class=\"wp-block-heading has-large-font-size\"><strong>JERK SUNDBERG,<br>INSTRUKT\u00d6R<\/strong><\/h2>\n<\/div>\n\n\n\n<p>Jerk har jobbat med fordon i hela sin yrkesm\u00e4ssamma karri\u00e4r. Fr\u00e5n Volvos baskommunikation i marknadsf\u00f6ring som gick ut till alla import\u00f6rer i v\u00e4rlden till att jobba med Polarvagnens profilering i Skandinavien.<br><br>F\u00f6rsta Willys Jeepen k\u00f6ptes 1976 och anv\u00e4ndes flitigt i Skandinavien. Efter detta har det alltid funnits en Willys i garaget. Fordon har varit passionen b\u00e5de yrkesm\u00e4ssigt och privat.<br><br>Sedan 2001 har fokus varit som instrukt\u00f6r och utbildare i det egna konsultbolaget. Introduktioner, utbildning, kundt\u00e4vlingar och pressk\u00f6rningar har varit huvudfokus.<\/p>\n\n\n\n<div class=\"wp-block-group is-content-justification-center is-nowrap is-layout-flex wp-container-core-group-is-layout-17de24ff wp-block-group-is-layout-flex\" style=\"margin-top:var(--wp--preset--spacing--50)\">\n<figure class=\"wp-block-image size-full\"><img loading=\"lazy\" decoding=\"async\" width=\"195\" height=\"195\" src=\"http:\/\/4x4event.se\/wp-content\/uploads\/2023\/03\/jeepar-1.png\" alt=\"\" class=\"wp-image-227\" srcset=\"http:\/\/4x4event.se\/wp-content\/uploads\/2023\/03\/jeepar-1.png 195w, http:\/\/4x4event.se\/wp-content\/uploads\/2023\/03\/jeepar-1-150x150.png 150w, http:\/\/4x4event.se\/wp-content\/uploads\/2023\/03\/jeepar-1-12x12.png 12w\" sizes=\"auto, (max-width: 195px) 100vw, 195px\" \/><\/figure>\n\n\n\n<h2 class=\"wp-block-heading has-large-font-size\"><strong><strong>ANDRA INSTRUKT\u00d6RER<\/strong><\/strong><\/h2>\n<\/div>\n\n\n\n<p>Vi har flera kvalificerade instrukt\u00f6rer knutna till oss. M\u00e5nga med en bakgrund som \u00e4ventyrs \u2013 guider, t\u00e4vlingsf\u00f6rare och offroad instrukt\u00f6rer.<\/p>","protected":false},"excerpt":{"rendered":"<p>Instrukt\u00f6rer DAN RETTMARK,\u00c4GARE\/INSTRUKT\u00d6R Dans karri\u00e4r har pr\u00e4glats av arbetet inom fordonssektorn. Han b\u00f6rjade som mekaniker och kom snart in i andra delar av branschen. Service, f\u00f6rs\u00e4ljning, utbildning, PR, marknadsf\u00f6ring. 1993 blev han projektledare f\u00f6r stora utst\u00e4llningar och evenemang f\u00f6r Detroit\u2013baserade George P. Johnson Company i USA. Chrysler Corporation sedermera DaimlerChrysler var kunden. Under de senaste [&hellip;]<\/p>\n","protected":false},"author":2,"featured_media":0,"parent":29,"menu_order":0,"comment_status":"closed","ping_status":"closed","template":"","meta":{"pgc_sgb_lightbox_settings":"","footnotes":""},"class_list":["post-289","page","type-page","status-publish","hentry"],"_links":{"self":[{"href":"http:\/\/4x4event.se\/en\/wp-json\/wp\/v2\/pages\/289","targetHints":{"allow":["GET"]}}],"collection":[{"href":"http:\/\/4x4event.se\/en\/wp-json\/wp\/v2\/pages"}],"about":[{"href":"http:\/\/4x4event.se\/en\/wp-json\/wp\/v2\/types\/page"}],"author":[{"embeddable":true,"href":"http:\/\/4x4event.se\/en\/wp-json\/wp\/v2\/users\/2"}],"replies":[{"embeddable":true,"href":"http:\/\/4x4event.se\/en\/wp-json\/wp\/v2\/comments?post=289"}],"version-history":[{"count":1,"href":"http:\/\/4x4event.se\/en\/wp-json\/wp\/v2\/pages\/289\/revisions"}],"predecessor-version":[{"id":290,"href":"http:\/\/4x4event.se\/en\/wp-json\/wp\/v2\/pages\/289\/revisions\/290"}],"up":[{"embeddable":true,"href":"http:\/\/4x4event.se\/en\/wp-json\/wp\/v2\/pages\/29"}],"wp:attachment":[{"href":"http:\/\/4x4event.se\/en\/wp-json\/wp\/v2\/media?parent=289"}],"curies":[{"name":"wp","href":"https:\/\/api.w.org\/{rel}","templated":true}]}}