{"id":286,"date":"2023-04-04T14:10:31","date_gmt":"2023-04-04T13:10:31","guid":{"rendered":"http:\/\/4x4event.se\/?page_id=286"},"modified":"2023-04-05T20:48:15","modified_gmt":"2023-04-05T19:48:15","slug":"overlanding-off-road-on-road","status":"publish","type":"page","link":"http:\/\/4x4event.se\/en\/utbildning\/overlanding-off-road-on-road\/","title":{"rendered":"Overlanding\/Off Road\/On Road"},"content":{"rendered":"<p><strong>De nedanst\u00e5ende utbildningarna genomf\u00f6rs ocks\u00e5 p\u00e5 Ring Knutstorp men skulle fr\u00e5gan komma upp har vi alternativ. Till Steg 1 &amp; 2 och B\u00e4rgning Steg 1 \u2013 3 beh\u00f6ver du din egen bil.<\/strong><\/p>\n\n\n\n<p class=\"has-large-font-size\"><strong>Steg 1, 1 dag<\/strong><\/p>\n\n\n\n<p><strong>Overlanding, Off Road &amp; On Road, Ring Knutstorp<\/strong> <br>F\u00f6rst\u00e5 vad bilen kan och hur du kan hj\u00e4lpa till. Samspelet bil\/f\u00f6rare. Lagar och regler. Overlanding och naturen. Utrustning f\u00f6r nyb\u00f6rjare. K\u00f6rteknik \u201doff &amp; on Road\u201d, hj\u00e4lpas \u00e5t. Guidning. L\u00e4ttare b\u00e4rgning. Hur uppf\u00f6r sig bilen i terr\u00e4ng. Bilkontroll. Mer guidning. Mer utrustning. Mer b\u00e4rgning. \u201dTread Lightly\u201d. Lastning. <br><br><strong>Inneh\u00e5ll: <\/strong>Lagar och regler \u2013 vad f\u00e5r vi g\u00f6ra, och inte. \u201dTread Lightly\u201d. Hur ser andra p\u00e5 oss och vad kan vi g\u00f6ra \u00e5t det. Njuta av det vi f\u00e5r g\u00f6ra. Olika drivsystem \u2013 vad g\u00f6r ett b\u00e4ttre \u00e4n ett annat? Vi s\u00e4tter bilen p\u00e5 rullar. Utrustning \u2013 f\u00f6r nyb\u00f6rjaren. Och den mer erfarne. Lastning \u2013 tyngdpunkt. Guidning med tecken. K\u00f6rteknik \u2013 l\u00e4r k\u00e4nna din bil, p\u00e5 asfalten och utanf\u00f6r. Bilkontroll. Mer guidning.<\/p>\n\n\n\n<p class=\"has-text-align-right\">Fm.\/em fika och lunch ing\u00e5r. Max antal deltagare 5 Priset \u00e4r 4.950:- \/deltagare<br>dan@baldur.nu \/ +46 708 11 66 88<\/p>\n\n\n\n<p><strong>H\u00e4r k\u00f6r vi p\u00e5 v\u00e5rt, av myndigheterna godk\u00e4nda, k\u00f6romr\u00e5de i Sm\u00e5land. Utanf\u00f6r Str\u00f6msn\u00e4sbruk.<\/strong><\/p>\n\n\n\n<p class=\"has-large-font-size\"><strong>Steg 2, 1 dag<\/strong><\/p>\n\n\n\n<p>Nu \u00e4r vi i skogen Oms\u00e4tta de erfarenheter du f\u00e5tt tidigare som b\u00e5de f\u00f6rare och guide. Vi har ett antal sp\u00e5r, vi b\u00f6rjar lite l\u00e4ttare och h\u00f6jer \u201dribban\u201d succesivt. <br><br><strong>Inneh\u00e5ll:<\/strong> Vi har ett antal sp\u00e5r och beroende p\u00e5 bilar (l\u00e5gv\u00e4xel beh\u00f6vs), och er deltagare, tacklar vi dom. Vi turas om att guida och k\u00f6ra. Tillf\u00e4lle att wincha \u2026 och att diskutera\/ byta erfarenheter.<\/p>\n\n\n\n<p class=\"has-text-align-right\">Fm.\/em. fika och lunch ing\u00e5r. Priset \u00e4r 4.950:- \/deltagare <br>dan@baldur.nu \/ +46 708 11 66 88<\/p>\n\n\n\n<p class=\"has-large-font-size\"><strong>Steg 3, 4 \u2013 5 dagar<\/strong><\/p>\n\n\n\n<p>Off Road, Moab, Utah, USA \u201dMoab \u2013 ett \u00e4ventyr med mersmak! \u201d\u00c4r man det allra minsta intresserad av offroad och vackra naturupplevelser \u00e4r Moab n\u00e5got av ett himmelrike. Moab h\u00f6r till de mest k\u00e4nda offroad omr\u00e5dena i USA, och v\u00e4rlden. Dit \u00e5ker de som vill k\u00f6ra i en fantastisk natur av vidstr\u00e4ckta sandstensklippor, upplevelsen liknar ingenting av det vi har Sverige. Max antal deltagare 5 bilar, 10 personer. \/Citat 4Wheel Drive <\/p>\n\n\n\n<p class=\"has-text-align-right\">Offert p\u00e5 f\u00f6rfr\u00e5gan!<br>dan@baldur.nu \/ +46 708 11 66 88<\/p>","protected":false},"excerpt":{"rendered":"<p>De nedanst\u00e5ende utbildningarna genomf\u00f6rs ocks\u00e5 p\u00e5 Ring Knutstorp men skulle fr\u00e5gan komma upp har vi alternativ. Till Steg 1 &amp; 2 och B\u00e4rgning Steg 1 \u2013 3 beh\u00f6ver du din egen bil. Steg 1, 1 dag Overlanding, Off Road &amp; On Road, Ring Knutstorp F\u00f6rst\u00e5 vad bilen kan och hur du kan hj\u00e4lpa till. Samspelet [&hellip;]<\/p>\n","protected":false},"author":2,"featured_media":0,"parent":293,"menu_order":1,"comment_status":"closed","ping_status":"closed","template":"","meta":{"pgc_sgb_lightbox_settings":"","footnotes":""},"class_list":["post-286","page","type-page","status-publish","hentry"],"_links":{"self":[{"href":"http:\/\/4x4event.se\/en\/wp-json\/wp\/v2\/pages\/286","targetHints":{"allow":["GET"]}}],"collection":[{"href":"http:\/\/4x4event.se\/en\/wp-json\/wp\/v2\/pages"}],"about":[{"href":"http:\/\/4x4event.se\/en\/wp-json\/wp\/v2\/types\/page"}],"author":[{"embeddable":true,"href":"http:\/\/4x4event.se\/en\/wp-json\/wp\/v2\/users\/2"}],"replies":[{"embeddable":true,"href":"http:\/\/4x4event.se\/en\/wp-json\/wp\/v2\/comments?post=286"}],"version-history":[{"count":8,"href":"http:\/\/4x4event.se\/en\/wp-json\/wp\/v2\/pages\/286\/revisions"}],"predecessor-version":[{"id":421,"href":"http:\/\/4x4event.se\/en\/wp-json\/wp\/v2\/pages\/286\/revisions\/421"}],"up":[{"embeddable":true,"href":"http:\/\/4x4event.se\/en\/wp-json\/wp\/v2\/pages\/293"}],"wp:attachment":[{"href":"http:\/\/4x4event.se\/en\/wp-json\/wp\/v2\/media?parent=286"}],"curies":[{"name":"wp","href":"https:\/\/api.w.org\/{rel}","templated":true}]}}